{"id":13,"date":"2025-10-13T08:28:18","date_gmt":"2025-10-13T08:28:18","guid":{"rendered":"https:\/\/xiaozhuxia.rkinformatika.online\/?page_id=13"},"modified":"2025-10-13T10:19:41","modified_gmt":"2025-10-13T10:19:41","slug":"inicio","status":"publish","type":"page","link":"https:\/\/xiaozhuxia.com\/en\/","title":{"rendered":"Home"},"content":{"rendered":"\t\t<div data-elementor-type=\"wp-page\" data-elementor-id=\"13\" class=\"elementor elementor-13\" data-elementor-post-type=\"page\">\n\t\t\t\t<div class=\"elementor-element elementor-element-09d63b8 e-flex e-con-boxed e-con e-parent\" data-id=\"09d63b8\" data-element_type=\"container\" data-e-type=\"container\" data-settings=\"{&quot;background_background&quot;:&quot;slideshow&quot;,&quot;background_slideshow_gallery&quot;:[{&quot;id&quot;:144,&quot;url&quot;:&quot;https:\\\/\\\/xiaozhuxia.com\\\/wp-content\\\/uploads\\\/2025\\\/10\\\/Captura-desde-2025-10-13-11-42-55.png&quot;},{&quot;id&quot;:148,&quot;url&quot;:&quot;https:\\\/\\\/xiaozhuxia.com\\\/wp-content\\\/uploads\\\/2025\\\/10\\\/Captura-desde-2025-10-13-11-38-28.png&quot;},{&quot;id&quot;:149,&quot;url&quot;:&quot;https:\\\/\\\/xiaozhuxia.com\\\/wp-content\\\/uploads\\\/2025\\\/10\\\/Captura-desde-2025-10-13-11-39-24.png&quot;},{&quot;id&quot;:150,&quot;url&quot;:&quot;https:\\\/\\\/xiaozhuxia.com\\\/wp-content\\\/uploads\\\/2025\\\/10\\\/Captura-desde-2025-10-13-11-39-15.png&quot;}],&quot;background_slideshow_lazyload&quot;:&quot;yes&quot;,&quot;background_slideshow_ken_burns&quot;:&quot;yes&quot;,&quot;background_slideshow_loop&quot;:&quot;yes&quot;,&quot;background_slideshow_slide_duration&quot;:5000,&quot;background_slideshow_slide_transition&quot;:&quot;fade&quot;,&quot;background_slideshow_transition_duration&quot;:500,&quot;background_slideshow_ken_burns_zoom_direction&quot;:&quot;in&quot;}\">\n\t\t\t\t\t<div class=\"e-con-inner\">\n\t\t<div class=\"elementor-element elementor-element-53e9cf9 e-con-full e-flex e-con e-child\" data-id=\"53e9cf9\" data-element_type=\"container\" data-e-type=\"container\">\n\t\t\t\t<div class=\"elementor-element elementor-element-afdd43e elementor-widget elementor-widget-heading\" data-id=\"afdd43e\" data-element_type=\"widget\" data-e-type=\"widget\" data-widget_type=\"heading.default\">\n\t\t\t\t\t<h2 class=\"elementor-heading-title elementor-size-default\">Bienvenidos A<\/h2>\t\t\t\t<\/div>\n\t\t\t\t<div class=\"elementor-element elementor-element-edf2e22 elementor-widget elementor-widget-heading\" data-id=\"edf2e22\" data-element_type=\"widget\" data-e-type=\"widget\" data-widget_type=\"heading.default\">\n\t\t\t\t\t<h2 class=\"elementor-heading-title elementor-size-default\">Isla de Murano<\/h2>\t\t\t\t<\/div>\n\t\t\t\t<div class=\"elementor-element elementor-element-c4466f0 elementor-widget elementor-widget-heading\" data-id=\"c4466f0\" data-element_type=\"widget\" data-e-type=\"widget\" data-widget_type=\"heading.default\">\n\t\t\t\t\t<h2 class=\"elementor-heading-title elementor-size-default\">8 a\u00f1os de experiencia<\/h2>\t\t\t\t<\/div>\n\t\t\t\t<\/div>\n\t\t\t\t\t<\/div>\n\t\t\t\t<\/div>\n\t\t\t\t<section class=\"elementor-section elementor-top-section elementor-element elementor-element-9b281c4 elementor-section-boxed elementor-section-height-default elementor-section-height-default\" data-id=\"9b281c4\" data-element_type=\"section\" data-e-type=\"section\">\n\t\t\t\t\t\t<div class=\"elementor-container elementor-column-gap-default\">\n\t\t\t\t\t<div class=\"elementor-column elementor-col-100 elementor-top-column elementor-element elementor-element-9842e56\" data-id=\"9842e56\" data-element_type=\"column\" data-e-type=\"column\">\n\t\t\t<div class=\"elementor-widget-wrap elementor-element-populated\">\n\t\t\t\t\t\t<section class=\"elementor-section elementor-inner-section elementor-element elementor-element-4477088 elementor-section-boxed elementor-section-height-default elementor-section-height-default\" data-id=\"4477088\" data-element_type=\"section\" data-e-type=\"section\">\n\t\t\t\t\t\t<div class=\"elementor-container elementor-column-gap-no\">\n\t\t\t\t\t<div class=\"elementor-column elementor-col-50 elementor-inner-column elementor-element elementor-element-9398e89\" data-id=\"9398e89\" data-element_type=\"column\" data-e-type=\"column\">\n\t\t\t<div class=\"elementor-widget-wrap elementor-element-populated\">\n\t\t\t\t\t\t<div class=\"elementor-element elementor-element-51f7bd0 elementor-widget elementor-widget-heading\" data-id=\"51f7bd0\" data-element_type=\"widget\" data-e-type=\"widget\" data-widget_type=\"heading.default\">\n\t\t\t\t\t<h2 class=\"elementor-heading-title elementor-size-default\">Sobre Nosotros <\/h2>\t\t\t\t<\/div>\n\t\t\t\t<div class=\"elementor-element elementor-element-874a328 elementor-widget elementor-widget-heading\" data-id=\"874a328\" data-element_type=\"widget\" data-e-type=\"widget\" data-widget_type=\"heading.default\">\n\t\t\t\t\t<h2 class=\"elementor-heading-title elementor-size-default\">Cocina espa\u00f1ola y china<\/h2>\t\t\t\t<\/div>\n\t\t\t\t<div class=\"elementor-element elementor-element-d3bcec0 elementor-widget elementor-widget-button\" data-id=\"d3bcec0\" data-element_type=\"widget\" data-e-type=\"widget\" data-widget_type=\"button.default\">\n\t\t\t\t\t\t\t\t\t\t<a class=\"elementor-button elementor-button-link elementor-size-sm elementor-animation-hang\" href=\"https:\/\/xiaozhuxia.com\/productos\/\">\n\t\t\t\t\t\t<span class=\"elementor-button-content-wrapper\">\n\t\t\t\t\t\t\t\t\t<span class=\"elementor-button-text\">Saber M\u00e1s<\/span>\n\t\t\t\t\t<\/span>\n\t\t\t\t\t<\/a>\n\t\t\t\t\t\t\t\t<\/div>\n\t\t\t\t\t<\/div>\n\t\t<\/div>\n\t\t\t\t<div class=\"elementor-column elementor-col-50 elementor-inner-column elementor-element elementor-element-6cdf947\" data-id=\"6cdf947\" data-element_type=\"column\" data-e-type=\"column\">\n\t\t\t<div class=\"elementor-widget-wrap elementor-element-populated\">\n\t\t\t\t\t\t<div class=\"elementor-element elementor-element-28ec492 elementor-widget elementor-widget-text-editor\" data-id=\"28ec492\" data-element_type=\"widget\" data-e-type=\"widget\" data-widget_type=\"text-editor.default\">\n\t\t\t\t\t\t\t\t\t<p>En Bar Isla de Murano llevamos m\u00e1s de 8 a\u00f1os ofreciendo el mejor ambiente de bar y hosteler\u00eda en Zaragoza. Somos un punto de encuentro donde se combinan la tradici\u00f3n y la fusi\u00f3n gastron\u00f3mica: un lugar donde disfrutar de una bebida, una tapa o una comida completa en un entorno cercano y familiar.<\/p><p>Nuestro compromiso es ofrecer siempre buen servicio, calidad y variedad, con un trato amable que hace sentir a cada cliente como en casa. Ya sea para un caf\u00e9, una comida entre semana o una cena con amigos, en Isla de Murano siempre hay algo que te har\u00e1 volver.<\/p>\t\t\t\t\t\t\t\t<\/div>\n\t\t\t\t\t<\/div>\n\t\t<\/div>\n\t\t\t\t\t<\/div>\n\t\t<\/section>\n\t\t\t\t<section class=\"elementor-section elementor-inner-section elementor-element elementor-element-c1a1ab0 elementor-section-boxed elementor-section-height-default elementor-section-height-default\" data-id=\"c1a1ab0\" data-element_type=\"section\" data-e-type=\"section\">\n\t\t\t\t\t\t<div class=\"elementor-container elementor-column-gap-no\">\n\t\t\t\t\t<div class=\"elementor-column elementor-col-50 elementor-inner-column elementor-element elementor-element-0fb8b5c\" data-id=\"0fb8b5c\" data-element_type=\"column\" data-e-type=\"column\">\n\t\t\t<div class=\"elementor-widget-wrap elementor-element-populated\">\n\t\t\t\t\t\t<div class=\"elementor-element elementor-element-d9e2aa2 elementor-widget__width-initial elementor-widget elementor-widget-image\" data-id=\"d9e2aa2\" data-element_type=\"widget\" data-e-type=\"widget\" data-widget_type=\"image.default\">\n\t\t\t\t\t\t\t\t\t\t\t\t\t\t\t<img fetchpriority=\"high\" decoding=\"async\" width=\"729\" height=\"794\" src=\"https:\/\/xiaozhuxia.com\/wp-content\/uploads\/2025\/10\/Captura-desde-2025-10-13-11-41-46-1.png\" class=\"attachment-full size-full wp-image-166\" alt=\"\" srcset=\"https:\/\/xiaozhuxia.com\/wp-content\/uploads\/2025\/10\/Captura-desde-2025-10-13-11-41-46-1.png 729w, https:\/\/xiaozhuxia.com\/wp-content\/uploads\/2025\/10\/Captura-desde-2025-10-13-11-41-46-1-275x300.png 275w, https:\/\/xiaozhuxia.com\/wp-content\/uploads\/2025\/10\/Captura-desde-2025-10-13-11-41-46-1-11x12.png 11w\" sizes=\"(max-width: 729px) 100vw, 729px\" \/>\t\t\t\t\t\t\t\t\t\t\t\t\t\t\t<\/div>\n\t\t\t\t<div class=\"elementor-element elementor-element-6f602f7 elementor-widget__width-initial elementor-widget elementor-widget-image\" data-id=\"6f602f7\" data-element_type=\"widget\" data-e-type=\"widget\" data-widget_type=\"image.default\">\n\t\t\t\t\t\t\t\t\t\t\t\t\t\t\t<img decoding=\"async\" width=\"800\" height=\"901\" src=\"https:\/\/xiaozhuxia.com\/wp-content\/uploads\/2025\/10\/Captura-desde-2025-10-13-11-38-28-1.png\" class=\"attachment-large size-large wp-image-167\" alt=\"\" srcset=\"https:\/\/xiaozhuxia.com\/wp-content\/uploads\/2025\/10\/Captura-desde-2025-10-13-11-38-28-1.png 836w, https:\/\/xiaozhuxia.com\/wp-content\/uploads\/2025\/10\/Captura-desde-2025-10-13-11-38-28-1-266x300.png 266w, https:\/\/xiaozhuxia.com\/wp-content\/uploads\/2025\/10\/Captura-desde-2025-10-13-11-38-28-1-768x865.png 768w, https:\/\/xiaozhuxia.com\/wp-content\/uploads\/2025\/10\/Captura-desde-2025-10-13-11-38-28-1-11x12.png 11w\" sizes=\"(max-width: 800px) 100vw, 800px\" \/>\t\t\t\t\t\t\t\t\t\t\t\t\t\t\t<\/div>\n\t\t\t\t\t<\/div>\n\t\t<\/div>\n\t\t\t\t<div class=\"elementor-column elementor-col-50 elementor-inner-column elementor-element elementor-element-921c924\" data-id=\"921c924\" data-element_type=\"column\" data-e-type=\"column\">\n\t\t\t<div class=\"elementor-widget-wrap elementor-element-populated\">\n\t\t\t\t\t\t<div class=\"elementor-element elementor-element-de72ae4 elementor-widget elementor-widget-image\" data-id=\"de72ae4\" data-element_type=\"widget\" data-e-type=\"widget\" data-widget_type=\"image.default\">\n\t\t\t\t\t\t\t\t\t\t\t\t\t\t\t<img decoding=\"async\" width=\"1189\" height=\"798\" src=\"https:\/\/xiaozhuxia.com\/wp-content\/uploads\/2025\/10\/Captura-desde-2025-10-13-11-37-55-1.png\" class=\"attachment-full size-full wp-image-168\" alt=\"\" srcset=\"https:\/\/xiaozhuxia.com\/wp-content\/uploads\/2025\/10\/Captura-desde-2025-10-13-11-37-55-1.png 1189w, https:\/\/xiaozhuxia.com\/wp-content\/uploads\/2025\/10\/Captura-desde-2025-10-13-11-37-55-1-300x201.png 300w, https:\/\/xiaozhuxia.com\/wp-content\/uploads\/2025\/10\/Captura-desde-2025-10-13-11-37-55-1-1024x687.png 1024w, https:\/\/xiaozhuxia.com\/wp-content\/uploads\/2025\/10\/Captura-desde-2025-10-13-11-37-55-1-768x515.png 768w, https:\/\/xiaozhuxia.com\/wp-content\/uploads\/2025\/10\/Captura-desde-2025-10-13-11-37-55-1-18x12.png 18w\" sizes=\"(max-width: 1189px) 100vw, 1189px\" \/>\t\t\t\t\t\t\t\t\t\t\t\t\t\t\t<\/div>\n\t\t\t\t\t<\/div>\n\t\t<\/div>\n\t\t\t\t\t<\/div>\n\t\t<\/section>\n\t\t\t\t\t<\/div>\n\t\t<\/div>\n\t\t\t\t\t<\/div>\n\t\t<\/section>\n\t\t\t\t<section class=\"elementor-section elementor-top-section elementor-element elementor-element-fb0afcd elementor-section-boxed elementor-section-height-default elementor-section-height-default\" data-id=\"fb0afcd\" data-element_type=\"section\" data-e-type=\"section\" data-settings=\"{&quot;background_background&quot;:&quot;classic&quot;}\">\n\t\t\t\t\t\t\t<div class=\"elementor-background-overlay\"><\/div>\n\t\t\t\t\t\t\t<div class=\"elementor-container elementor-column-gap-default\">\n\t\t\t\t\t<div class=\"elementor-column elementor-col-100 elementor-top-column elementor-element elementor-element-1d8b95b\" data-id=\"1d8b95b\" data-element_type=\"column\" data-e-type=\"column\">\n\t\t\t<div class=\"elementor-widget-wrap elementor-element-populated\">\n\t\t\t\t\t\t<div class=\"elementor-element elementor-element-7caca73 elementor-widget elementor-widget-heading\" data-id=\"7caca73\" data-element_type=\"widget\" data-e-type=\"widget\" data-widget_type=\"heading.default\">\n\t\t\t\t\t<h2 class=\"elementor-heading-title elementor-size-default\">Platos combinados, bocadillos, raciones y tapas\u2026<\/h2>\t\t\t\t<\/div>\n\t\t\t\t<div class=\"elementor-element elementor-element-874efdc elementor-widget elementor-widget-text-editor\" data-id=\"874efdc\" data-element_type=\"widget\" data-e-type=\"widget\" data-widget_type=\"text-editor.default\">\n\t\t\t\t\t\t\t\t\t<p data-start=\"492\" data-end=\"603\">Tu rinc\u00f3n favorito en Zaragoza para comer bien, beber mejor y pasar un buen rato.<\/p>\t\t\t\t\t\t\t\t<\/div>\n\t\t\t\t<div class=\"elementor-element elementor-element-d3c1f05 elementor-align-center elementor-widget elementor-widget-button\" data-id=\"d3c1f05\" data-element_type=\"widget\" data-e-type=\"widget\" data-widget_type=\"button.default\">\n\t\t\t\t\t\t\t\t\t\t<a class=\"elementor-button elementor-button-link elementor-size-sm elementor-animation-hang\" href=\"https:\/\/xiaozhuxia.com\/contacto\/\">\n\t\t\t\t\t\t<span class=\"elementor-button-content-wrapper\">\n\t\t\t\t\t\t\t\t\t<span class=\"elementor-button-text\">Contactanos<\/span>\n\t\t\t\t\t<\/span>\n\t\t\t\t\t<\/a>\n\t\t\t\t\t\t\t\t<\/div>\n\t\t\t\t\t<\/div>\n\t\t<\/div>\n\t\t\t\t\t<\/div>\n\t\t<\/section>\n\t\t\t\t<\/div>\n\t\t","protected":false},"excerpt":{"rendered":"<p>Bienvenidos A Isla de Murano 8 a\u00f1os de experiencia Sobre Nosotros Cocina espa\u00f1ola y china Saber M\u00e1s En Bar Isla de Murano llevamos m\u00e1s de 8 a\u00f1os ofreciendo el mejor ambiente de bar y hosteler\u00eda en Zaragoza. Somos un punto de encuentro donde se combinan la tradici\u00f3n y la fusi\u00f3n gastron\u00f3mica: un lugar donde disfrutar [&hellip;]<\/p>\n","protected":false},"author":1,"featured_media":0,"parent":0,"menu_order":0,"comment_status":"closed","ping_status":"closed","template":"elementor_canvas","meta":{"footnotes":""},"class_list":["post-13","page","type-page","status-publish","hentry"],"yoast_head":"<!-- This site is optimized with the Yoast SEO plugin v27.3 - https:\/\/yoast.com\/product\/yoast-seo-wordpress\/ -->\n<title>Inicio - Xiaozhu Xia<\/title>\n<meta name=\"robots\" content=\"index, follow, max-snippet:-1, max-image-preview:large, max-video-preview:-1\" \/>\n<link rel=\"canonical\" href=\"https:\/\/xiaozhuxia.com\/en\/\" \/>\n<meta property=\"og:locale\" content=\"en_GB\" \/>\n<meta property=\"og:type\" content=\"article\" \/>\n<meta property=\"og:title\" content=\"Inicio - Xiaozhu Xia\" \/>\n<meta property=\"og:description\" content=\"Bienvenidos A Isla de Murano 8 a\u00f1os de experiencia Sobre Nosotros Cocina espa\u00f1ola y china Saber M\u00e1s En Bar Isla de Murano llevamos m\u00e1s de 8 a\u00f1os ofreciendo el mejor ambiente de bar y hosteler\u00eda en Zaragoza. Somos un punto de encuentro donde se combinan la tradici\u00f3n y la fusi\u00f3n gastron\u00f3mica: un lugar donde disfrutar [&hellip;]\" \/>\n<meta property=\"og:url\" content=\"https:\/\/xiaozhuxia.com\/en\/\" \/>\n<meta property=\"og:site_name\" content=\"Xiaozhu Xia\" \/>\n<meta property=\"article:modified_time\" content=\"2025-10-13T10:19:41+00:00\" \/>\n<meta property=\"og:image\" content=\"https:\/\/xiaozhuxia.com\/wp-content\/uploads\/2025\/10\/Captura-desde-2025-10-13-11-41-46-1.png\" \/>\n<meta name=\"twitter:card\" content=\"summary_large_image\" \/>\n<meta name=\"twitter:label1\" content=\"Estimated reading time\" \/>\n\t<meta name=\"twitter:data1\" content=\"1 minute\" \/>\n<script type=\"application\/ld+json\" class=\"yoast-schema-graph\">{\"@context\":\"https:\\\/\\\/schema.org\",\"@graph\":[{\"@type\":\"WebPage\",\"@id\":\"https:\\\/\\\/xiaozhuxia.com\\\/\",\"url\":\"https:\\\/\\\/xiaozhuxia.com\\\/\",\"name\":\"Inicio - Xiaozhu Xia\",\"isPartOf\":{\"@id\":\"https:\\\/\\\/xiaozhuxia.com\\\/#website\"},\"primaryImageOfPage\":{\"@id\":\"https:\\\/\\\/xiaozhuxia.com\\\/#primaryimage\"},\"image\":{\"@id\":\"https:\\\/\\\/xiaozhuxia.com\\\/#primaryimage\"},\"thumbnailUrl\":\"https:\\\/\\\/xiaozhuxia.com\\\/wp-content\\\/uploads\\\/2025\\\/10\\\/Captura-desde-2025-10-13-11-41-46-1.png\",\"datePublished\":\"2025-10-13T08:28:18+00:00\",\"dateModified\":\"2025-10-13T10:19:41+00:00\",\"breadcrumb\":{\"@id\":\"https:\\\/\\\/xiaozhuxia.com\\\/#breadcrumb\"},\"inLanguage\":\"en-GB\",\"potentialAction\":[{\"@type\":\"ReadAction\",\"target\":[\"https:\\\/\\\/xiaozhuxia.com\\\/\"]}]},{\"@type\":\"ImageObject\",\"inLanguage\":\"en-GB\",\"@id\":\"https:\\\/\\\/xiaozhuxia.com\\\/#primaryimage\",\"url\":\"https:\\\/\\\/xiaozhuxia.com\\\/wp-content\\\/uploads\\\/2025\\\/10\\\/Captura-desde-2025-10-13-11-41-46-1.png\",\"contentUrl\":\"https:\\\/\\\/xiaozhuxia.com\\\/wp-content\\\/uploads\\\/2025\\\/10\\\/Captura-desde-2025-10-13-11-41-46-1.png\"},{\"@type\":\"BreadcrumbList\",\"@id\":\"https:\\\/\\\/xiaozhuxia.com\\\/#breadcrumb\",\"itemListElement\":[{\"@type\":\"ListItem\",\"position\":1,\"name\":\"Portada\",\"item\":\"https:\\\/\\\/xiaozhuxia.com\\\/\"},{\"@type\":\"ListItem\",\"position\":2,\"name\":\"Inicio\"}]},{\"@type\":\"WebSite\",\"@id\":\"https:\\\/\\\/xiaozhuxia.com\\\/#website\",\"url\":\"https:\\\/\\\/xiaozhuxia.com\\\/\",\"name\":\"Xiaozhu Xia\",\"description\":\"Bar y hosteler\u00eda Isla de Murano\",\"publisher\":{\"@id\":\"https:\\\/\\\/xiaozhuxia.com\\\/#organization\"},\"potentialAction\":[{\"@type\":\"SearchAction\",\"target\":{\"@type\":\"EntryPoint\",\"urlTemplate\":\"https:\\\/\\\/xiaozhuxia.com\\\/?s={search_term_string}\"},\"query-input\":{\"@type\":\"PropertyValueSpecification\",\"valueRequired\":true,\"valueName\":\"search_term_string\"}}],\"inLanguage\":\"en-GB\"},{\"@type\":\"Organization\",\"@id\":\"https:\\\/\\\/xiaozhuxia.com\\\/#organization\",\"name\":\"Xiaozhu Xia\",\"url\":\"https:\\\/\\\/xiaozhuxia.com\\\/\",\"logo\":{\"@type\":\"ImageObject\",\"inLanguage\":\"en-GB\",\"@id\":\"https:\\\/\\\/xiaozhuxia.com\\\/#\\\/schema\\\/logo\\\/image\\\/\",\"url\":\"https:\\\/\\\/xiaozhuxia.com\\\/wp-content\\\/uploads\\\/2025\\\/10\\\/cropped-islademuranozaragoza202508_logoarriba.jpg\",\"contentUrl\":\"https:\\\/\\\/xiaozhuxia.com\\\/wp-content\\\/uploads\\\/2025\\\/10\\\/cropped-islademuranozaragoza202508_logoarriba.jpg\",\"width\":191,\"height\":176,\"caption\":\"Xiaozhu Xia\"},\"image\":{\"@id\":\"https:\\\/\\\/xiaozhuxia.com\\\/#\\\/schema\\\/logo\\\/image\\\/\"}}]}<\/script>\n<!-- \/ Yoast SEO plugin. -->","yoast_head_json":{"title":"Inicio - Xiaozhu Xia","robots":{"index":"index","follow":"follow","max-snippet":"max-snippet:-1","max-image-preview":"max-image-preview:large","max-video-preview":"max-video-preview:-1"},"canonical":"https:\/\/xiaozhuxia.com\/en\/","og_locale":"en_GB","og_type":"article","og_title":"Inicio - Xiaozhu Xia","og_description":"Bienvenidos A Isla de Murano 8 a\u00f1os de experiencia Sobre Nosotros Cocina espa\u00f1ola y china Saber M\u00e1s En Bar Isla de Murano llevamos m\u00e1s de 8 a\u00f1os ofreciendo el mejor ambiente de bar y hosteler\u00eda en Zaragoza. Somos un punto de encuentro donde se combinan la tradici\u00f3n y la fusi\u00f3n gastron\u00f3mica: un lugar donde disfrutar [&hellip;]","og_url":"https:\/\/xiaozhuxia.com\/en\/","og_site_name":"Xiaozhu Xia","article_modified_time":"2025-10-13T10:19:41+00:00","og_image":[{"url":"https:\/\/xiaozhuxia.com\/wp-content\/uploads\/2025\/10\/Captura-desde-2025-10-13-11-41-46-1.png","type":"","width":"","height":""}],"twitter_card":"summary_large_image","twitter_misc":{"Estimated reading time":"1 minute"},"schema":{"@context":"https:\/\/schema.org","@graph":[{"@type":"WebPage","@id":"https:\/\/xiaozhuxia.com\/","url":"https:\/\/xiaozhuxia.com\/","name":"Inicio - Xiaozhu Xia","isPartOf":{"@id":"https:\/\/xiaozhuxia.com\/#website"},"primaryImageOfPage":{"@id":"https:\/\/xiaozhuxia.com\/#primaryimage"},"image":{"@id":"https:\/\/xiaozhuxia.com\/#primaryimage"},"thumbnailUrl":"https:\/\/xiaozhuxia.com\/wp-content\/uploads\/2025\/10\/Captura-desde-2025-10-13-11-41-46-1.png","datePublished":"2025-10-13T08:28:18+00:00","dateModified":"2025-10-13T10:19:41+00:00","breadcrumb":{"@id":"https:\/\/xiaozhuxia.com\/#breadcrumb"},"inLanguage":"en-GB","potentialAction":[{"@type":"ReadAction","target":["https:\/\/xiaozhuxia.com\/"]}]},{"@type":"ImageObject","inLanguage":"en-GB","@id":"https:\/\/xiaozhuxia.com\/#primaryimage","url":"https:\/\/xiaozhuxia.com\/wp-content\/uploads\/2025\/10\/Captura-desde-2025-10-13-11-41-46-1.png","contentUrl":"https:\/\/xiaozhuxia.com\/wp-content\/uploads\/2025\/10\/Captura-desde-2025-10-13-11-41-46-1.png"},{"@type":"BreadcrumbList","@id":"https:\/\/xiaozhuxia.com\/#breadcrumb","itemListElement":[{"@type":"ListItem","position":1,"name":"Portada","item":"https:\/\/xiaozhuxia.com\/"},{"@type":"ListItem","position":2,"name":"Inicio"}]},{"@type":"WebSite","@id":"https:\/\/xiaozhuxia.com\/#website","url":"https:\/\/xiaozhuxia.com\/","name":"Xiaozhu Xia","description":"Bar y hosteler\u00eda Isla de Murano","publisher":{"@id":"https:\/\/xiaozhuxia.com\/#organization"},"potentialAction":[{"@type":"SearchAction","target":{"@type":"EntryPoint","urlTemplate":"https:\/\/xiaozhuxia.com\/?s={search_term_string}"},"query-input":{"@type":"PropertyValueSpecification","valueRequired":true,"valueName":"search_term_string"}}],"inLanguage":"en-GB"},{"@type":"Organization","@id":"https:\/\/xiaozhuxia.com\/#organization","name":"Xiaozhu Xia","url":"https:\/\/xiaozhuxia.com\/","logo":{"@type":"ImageObject","inLanguage":"en-GB","@id":"https:\/\/xiaozhuxia.com\/#\/schema\/logo\/image\/","url":"https:\/\/xiaozhuxia.com\/wp-content\/uploads\/2025\/10\/cropped-islademuranozaragoza202508_logoarriba.jpg","contentUrl":"https:\/\/xiaozhuxia.com\/wp-content\/uploads\/2025\/10\/cropped-islademuranozaragoza202508_logoarriba.jpg","width":191,"height":176,"caption":"Xiaozhu Xia"},"image":{"@id":"https:\/\/xiaozhuxia.com\/#\/schema\/logo\/image\/"}}]}},"_links":{"self":[{"href":"https:\/\/xiaozhuxia.com\/en\/wp-json\/wp\/v2\/pages\/13","targetHints":{"allow":["GET"]}}],"collection":[{"href":"https:\/\/xiaozhuxia.com\/en\/wp-json\/wp\/v2\/pages"}],"about":[{"href":"https:\/\/xiaozhuxia.com\/en\/wp-json\/wp\/v2\/types\/page"}],"author":[{"embeddable":true,"href":"https:\/\/xiaozhuxia.com\/en\/wp-json\/wp\/v2\/users\/1"}],"replies":[{"embeddable":true,"href":"https:\/\/xiaozhuxia.com\/en\/wp-json\/wp\/v2\/comments?post=13"}],"version-history":[{"count":43,"href":"https:\/\/xiaozhuxia.com\/en\/wp-json\/wp\/v2\/pages\/13\/revisions"}],"predecessor-version":[{"id":226,"href":"https:\/\/xiaozhuxia.com\/en\/wp-json\/wp\/v2\/pages\/13\/revisions\/226"}],"wp:attachment":[{"href":"https:\/\/xiaozhuxia.com\/en\/wp-json\/wp\/v2\/media?parent=13"}],"curies":[{"name":"wp","href":"https:\/\/api.w.org\/{rel}","templated":true}]}}